{"id":141,"date":"2016-06-28T05:07:12","date_gmt":"2016-06-28T05:07:12","guid":{"rendered":"http:\/\/www.northaegean.ro\/tr\/referinte\/"},"modified":"2016-06-28T05:07:12","modified_gmt":"2016-06-28T05:07:12","slug":"referinte","status":"publish","type":"page","link":"https:\/\/www.northaegean.ro\/tr\/referinte\/","title":{"rendered":"Referinte"},"content":{"rendered":"<blockquote>\n<h2><strong>Referinte constructii firma Ayseler in Turcia<\/strong><\/h2>\n<\/blockquote>\n<table width=\"100%\">\n<tbody>\n<tr>\n<td width=\"26\"><strong>S\/N<\/strong><\/td>\n<td width=\"286\"><strong>cartiere<\/strong><\/td>\n<td width=\"163\"><strong>strada<\/strong><\/td>\n<td width=\"130\"><strong>oras<\/strong><\/td>\n<td width=\"93\"><strong>constructie<\/strong><\/td>\n<\/tr>\n<tr>\n<td>1<\/td>\n<td width=\"286\">S.S.Murat\u00e7e\u015fme K.Y.Koop.<\/td>\n<td>Aliosman Atak<\/td>\n<td>Pelitk\u00f6y Sahil<\/td>\n<td>50 vile<\/td>\n<\/tr>\n<tr>\n<td>2<\/td>\n<td width=\"286\">S.S.P\u0131narkent K.Y.Koop.<\/td>\n<td>Ta\u015fk\u0131n Bayrak<\/td>\n<td>Burhaniye<\/td>\n<td>100 apartam.<\/td>\n<\/tr>\n<tr>\n<td>3<\/td>\n<td width=\"286\">\u015eent\u00fcrkler \u0130\u015f Merkezi<\/td>\n<td>Pa\u015fa \u015eent\u00fcrk<\/td>\n<td>Burhaniye<\/td>\n<td>20 vile<\/td>\n<\/tr>\n<tr>\n<td>4<\/td>\n<td width=\"286\">S.S.Esmerkent K.Y.Koop.<\/td>\n<td>Hikmet Bahad\u0131r<\/td>\n<td>Burhaniye<\/td>\n<td>20 vile<\/td>\n<\/tr>\n<tr>\n<td>5<\/td>\n<td width=\"286\">Varmak \u0130n\u015faat Villalar\u0131<\/td>\n<td>Zafer Varl\u0131<\/td>\n<td>\u00d6ren<\/td>\n<td>150 apartam.<\/td>\n<\/tr>\n<tr>\n<td>6<\/td>\n<td width=\"286\">Okur \u0130n\u015faat Villalar\u0131<\/td>\n<td>Selahattin Okur<\/td>\n<td>Pelitk\u00f6y Sahil<\/td>\n<td>40 vile<\/td>\n<\/tr>\n<tr>\n<td>7<\/td>\n<td width=\"286\">H\u00fck\u00fcmet Kona\u011f\u0131<\/td>\n<td>Oktay \u00c7ift\u00e7i<\/td>\n<td>Burhaniye<\/td>\n<td><\/td>\n<\/tr>\n<tr>\n<td>8<\/td>\n<td width=\"286\">Gazi \u0130lk\u00f6\u011fretim Okulu<\/td>\n<td>Katip Gedik<\/td>\n<td>Burhaniye<\/td>\n<td><\/td>\n<\/tr>\n<tr>\n<td>9<\/td>\n<td width=\"286\">Bozcaada H\u00fck\u00fcmet Kona\u011f\u0131<\/td>\n<td>Mutlu Kobal<\/td>\n<td>\u00c7anakkale<\/td>\n<td><\/td>\n<\/tr>\n<tr>\n<td>10<\/td>\n<td width=\"286\">S.S.T\u00fcrkili K.Y.Koop.<\/td>\n<td>Turhan Uysal<\/td>\n<td>Bal\u0131kesir<\/td>\n<td>20daire<\/td>\n<\/tr>\n<tr>\n<td>11<\/td>\n<td width=\"286\">S.S.Bay\u0131nd\u0131r94 K.Y.Koop.<\/td>\n<td>\u015eaban Akda\u011f<\/td>\n<td>\u0130skele<\/td>\n<td>100villa<\/td>\n<\/tr>\n<tr>\n<td>12<\/td>\n<td width=\"286\">S.S.\u00d6vg\u00fc K.Y.Koop.<\/td>\n<td>Orkun Vidinli<\/td>\n<td>\u0130skele<\/td>\n<td>6villa<\/td>\n<\/tr>\n<tr>\n<td>13<\/td>\n<td width=\"286\">Karde\u015fler \u0130\u015f Merkezi<\/td>\n<td>Saadettin Top\u00e7u<\/td>\n<td>Ayval\u0131k<\/td>\n<td><\/td>\n<\/tr>\n<tr>\n<td>14<\/td>\n<td width=\"286\">Vak\u0131flar \u00d6\u011frenci Yurdu<\/td>\n<td>Yakup Gedik<\/td>\n<td>Burhaniye<\/td>\n<td><\/td>\n<\/tr>\n<tr>\n<td>15<\/td>\n<td width=\"286\">T\u00fcz\u00fcner \u0130n\u015faat<\/td>\n<td>\u00dcnsal T\u00fcz\u00fcner<\/td>\n<td>Artur<\/td>\n<td>30villa<\/td>\n<\/tr>\n<tr>\n<td>16<\/td>\n<td width=\"286\">Kral Otel<\/td>\n<td>Candan U\u00e7ak<\/td>\n<td>Ayval\u0131k<\/td>\n<td>80 Par\u00e7a<\/td>\n<\/tr>\n<tr>\n<td>17<\/td>\n<td width=\"286\">S.S.G\u00fclkent K.Y.K Tadilat<\/td>\n<td>Hasan Varol<\/td>\n<td>Pelitk\u00f6y Sahil<\/td>\n<td>50villa<\/td>\n<\/tr>\n<tr>\n<td>18<\/td>\n<td width=\"286\">S.S.Hisarkent K.Y.Koop.<\/td>\n<td>Sebattin U\u00e7ar<\/td>\n<td>Pelitk\u00f6y Sahil<\/td>\n<td>10villa<\/td>\n<\/tr>\n<tr>\n<td>19<\/td>\n<td width=\"286\">\u015eent\u00fcrkler Apartman\u0131<\/td>\n<td>Ak\u0131n \u015eent\u00fcrk<\/td>\n<td>Edremit<\/td>\n<td>5daire<\/td>\n<\/tr>\n<tr>\n<td>20<\/td>\n<td width=\"286\">Okur Apartman\u0131<\/td>\n<td>Selahattin Okur<\/td>\n<td>Edremit<\/td>\n<td>20daire<\/td>\n<\/tr>\n<tr>\n<td>21<\/td>\n<td width=\"286\">Papatyam Mimarl\u0131k<\/td>\n<td>Mustafakahveci<\/td>\n<td>Ayval\u0131k<\/td>\n<td>40villa<\/td>\n<\/tr>\n<tr>\n<td>22<\/td>\n<td width=\"286\">Do\u011fa M\u00fchendislik<\/td>\n<td>Rafet \u00c7etinel<\/td>\n<td>Alt\u0131noluk<\/td>\n<td>20villa<\/td>\n<\/tr>\n<tr>\n<td>23<\/td>\n<td width=\"286\">Adliye Lojmanlar\u0131<\/td>\n<td>Yakup Gedik<\/td>\n<td>Ak\u00e7ay<\/td>\n<td>8daire<\/td>\n<\/tr>\n<tr>\n<td>24<\/td>\n<td width=\"286\">Narin Aprt.<\/td>\n<td>Cemal Alem<\/td>\n<td>Burhaniye<\/td>\n<td>4daire<\/td>\n<\/tr>\n<tr>\n<td>25<\/td>\n<td width=\"286\">Villamercan Koop. Tadilat<\/td>\n<td>Kemal Ataman<\/td>\n<td>Pelitk\u00f6y Sahil<\/td>\n<td>50villa<\/td>\n<\/tr>\n<tr>\n<td>26<\/td>\n<td width=\"286\">S.S.Yap\u0131kent Konut Yap\u0131 Koop.<\/td>\n<td>Kemal Ataman<\/td>\n<td>Burhaniye<\/td>\n<td>80daire<\/td>\n<\/tr>\n<tr>\n<td>27<\/td>\n<td width=\"286\">Kenan Sucuo\u011flu Huzurevi<\/td>\n<td>Fikret Akova<\/td>\n<td>Burhaniye<\/td>\n<td><\/td>\n<\/tr>\n<tr>\n<td>28<\/td>\n<td width=\"286\">Necdet Uysal M\u00fcteahhitlik<\/td>\n<td>Necdet Uysal<\/td>\n<td>Burhaniye<\/td>\n<td>30daire<\/td>\n<\/tr>\n<tr>\n<td>29<\/td>\n<td width=\"286\">S.S. Cennet \u00d6ren Yap\u0131 Koop.<\/td>\n<td>Kemal Ataman<\/td>\n<td>Burhaniye<\/td>\n<td>8daire<\/td>\n<\/tr>\n<tr>\n<td>30<\/td>\n<td width=\"286\">Sar\u0131ba\u015f S\u00fct \u00dcr\u00fcnleri<\/td>\n<td>H\u00fcseyin Sar\u0131ba\u015f<\/td>\n<td>Burhaniye<\/td>\n<td><\/td>\n<\/tr>\n<tr>\n<td>31<\/td>\n<td width=\"286\">Beksan Unlu Mam\u00fclleri<\/td>\n<td>R\u0131za Pabu\u00e7\u00e7uo\u011flu<\/td>\n<td>Burhaniye<\/td>\n<td>20 Daire<\/td>\n<\/tr>\n<tr>\n<td>32<\/td>\n<td width=\"286\">\u0130kizler Sitesi<\/td>\n<td><\/td>\n<td>Pelitk\u00f6y Sahil<\/td>\n<td>10villa<\/td>\n<\/tr>\n<tr>\n<td>33<\/td>\n<td width=\"286\">Gedik \u0130n\u015f. A\u015f<\/td>\n<td>Katip Gedik<\/td>\n<td>Burhaniye<\/td>\n<td>50 Daire<\/td>\n<\/tr>\n<tr>\n<td>34<\/td>\n<td width=\"286\">Vidinli M\u00fchendislik<\/td>\n<td>Ka\u011fan Vidinli<\/td>\n<td>Burhaniye<\/td>\n<td>25 Villa<\/td>\n<\/tr>\n<tr>\n<td>35<\/td>\n<td width=\"286\">Artur Turizm End.A.\u015e.<\/td>\n<td>Misafirhane<\/td>\n<td>Artur<\/td>\n<td><\/td>\n<\/tr>\n<tr>\n<td>36<\/td>\n<td width=\"286\">S.S. Altay92 Koop.<\/td>\n<td>Kemal Ataman<\/td>\n<td>\u00d6ren<\/td>\n<td>16villa<\/td>\n<\/tr>\n<tr>\n<td>37<\/td>\n<td width=\"286\">Ak\u0131n A.\u015e<\/td>\n<td>Mesut Ak\u0131n<\/td>\n<td>G\u00fcre<\/td>\n<td>125 Daire<\/td>\n<\/tr>\n<tr>\n<td>38<\/td>\n<td width=\"286\">S.S. Merter Koop.<\/td>\n<td>H\u00fcseyin Ula\u015f<\/td>\n<td>Burhaniye<\/td>\n<td>40 Daire<\/td>\n<\/tr>\n<tr>\n<td>39<\/td>\n<td width=\"286\">Burhaniye Belediyesi<\/td>\n<td>Metin Y\u0131ld\u0131z<\/td>\n<td>\u00d6ren<\/td>\n<td><\/td>\n<\/tr>\n<tr>\n<td>40<\/td>\n<td width=\"286\">S\u00f6nmez Pansiyon<\/td>\n<td>Teyfik S\u00f6nmez<\/td>\n<td>\u00d6ren<\/td>\n<td>5daire<\/td>\n<\/tr>\n<tr>\n<td>41<\/td>\n<td width=\"286\">\u00d6zg\u00fcn Yap\u0131<\/td>\n<td>Recep \u015eahin<\/td>\n<td>\u00d6ren<\/td>\n<td>10 Villa<\/td>\n<\/tr>\n<tr>\n<td>42<\/td>\n<td width=\"286\">Mavi Bulut Koop.<\/td>\n<td>\u0130smet Varol<\/td>\n<td>Adyar<\/td>\n<td>20 Villa<\/td>\n<\/tr>\n<tr>\n<td>43<\/td>\n<td width=\"286\">Zaman Pansiyon<\/td>\n<td><\/td>\n<td>\u00d6ren<\/td>\n<td>5 Daire<\/td>\n<\/tr>\n<tr>\n<td>44<\/td>\n<td width=\"286\">Burcu Salca A.\u015e<\/td>\n<td>Cemil Bahad\u0131r<\/td>\n<td>Burhaniye<\/td>\n<td><\/td>\n<\/tr>\n<tr>\n<td>45<\/td>\n<td width=\"286\">Ali Kemal Deveciler<\/td>\n<td><\/td>\n<td>Burhaniye<\/td>\n<td><\/td>\n<\/tr>\n<tr>\n<td>46<\/td>\n<td width=\"286\">Yazgan Mimarl\u0131k<\/td>\n<td>Murat Yazgan<\/td>\n<td>Burhaniye<\/td>\n<td>20 Daire<\/td>\n<\/tr>\n<tr>\n<td>47<\/td>\n<td width=\"286\">Kenan Yalc\u0131n<\/td>\n<td><\/td>\n<td>\u00d6ren<\/td>\n<td>10 Villa<\/td>\n<\/tr>\n<tr>\n<td>48<\/td>\n<td width=\"286\">S.S Yosun Kent Koop.<\/td>\n<td><\/td>\n<td>Edremit<\/td>\n<td>56 Villa<\/td>\n<\/tr>\n<tr>\n<td>49<\/td>\n<td width=\"286\">Burhaniye Ticaret Odas\u0131 Binas\u0131<\/td>\n<td><\/td>\n<td>Burhaniye<\/td>\n<td>5 Kat<\/td>\n<\/tr>\n<tr>\n<td>50<\/td>\n<td width=\"286\">Ss Huzur Toprak Koop<\/td>\n<td><\/td>\n<td>Burhaniye<\/td>\n<td>50 Daire<\/td>\n<\/tr>\n<tr>\n<td>51<\/td>\n<td width=\"286\">Yar\u0131\u015f Hal\u0131 Apt<\/td>\n<td>Orhan Yar\u0131\u015f<\/td>\n<td>Burhaniye<\/td>\n<td>20 Daire<\/td>\n<\/tr>\n<tr>\n<td>52<\/td>\n<td width=\"286\">Zeki Korut\u00fcrk \u0130n\u015faat<\/td>\n<td><\/td>\n<td>\u00d6ren<\/td>\n<td>10 Villa<\/td>\n<\/tr>\n<tr>\n<td>53<\/td>\n<td width=\"286\">Arma\u011fan Kuyumculuk<\/td>\n<td><\/td>\n<td>Burhaniye<\/td>\n<td>5 Villa<\/td>\n<\/tr>\n<tr>\n<td>54<\/td>\n<td width=\"286\">Mtk Yap\u0131<\/td>\n<td>\u00c7o\u015fkun Bey<\/td>\n<td>Ayval\u0131k<\/td>\n<td>150 Villa<\/td>\n<\/tr>\n<tr>\n<td>55<\/td>\n<td width=\"286\">H\u00fcseyin Ba\u015f<\/td>\n<td><\/td>\n<td>\u00d6ren<\/td>\n<td>10 Villa<\/td>\n<\/tr>\n<tr>\n<td>56<\/td>\n<td width=\"286\">Erkan Pen<\/td>\n<td><\/td>\n<td>Alt\u0131noluk<\/td>\n<td>50 Daire<\/td>\n<\/tr>\n<tr>\n<td>57<\/td>\n<td width=\"286\">Celalettin G\u00fc\u00e7l\u00fc<\/td>\n<td><\/td>\n<td>Edremit<\/td>\n<td>50 Daire<\/td>\n<\/tr>\n<tr>\n<td>58<\/td>\n<td width=\"286\">\u00d6zkan Al\u00fcminyum<\/td>\n<td><\/td>\n<td>Burhaniye<\/td>\n<td>25 Daire<\/td>\n<\/tr>\n<tr>\n<td>59<\/td>\n<td width=\"286\">\u00dcnsal T\u00fcz\u00fcner M\u00fchendislik<\/td>\n<td><\/td>\n<td>Artur<\/td>\n<td>50 Daire<\/td>\n<\/tr>\n<tr>\n<td>60<\/td>\n<td width=\"286\">Senar Yap\u0131 Malz. \u0130n\u015faat<\/td>\n<td>Sedat Karada\u011f<\/td>\n<td>Burhaniye<\/td>\n<td>15 Daire<\/td>\n<\/tr>\n<tr>\n<td>61<\/td>\n<td width=\"286\">Hayati Geni\u015f<\/td>\n<td><\/td>\n<td>Burhaniye<\/td>\n<td>10 Daire<\/td>\n<\/tr>\n<tr>\n<td>62<\/td>\n<td width=\"286\">Hayri Ataman Yap\u0131<\/td>\n<td>Hayr\u0131 Ataman<\/td>\n<td>Burhaniye<\/td>\n<td>15 Daire<\/td>\n<\/tr>\n<tr>\n<td>63<\/td>\n<td width=\"286\">Klas \u015e\u00f6mine<\/td>\n<td>Mehmet Padem<\/td>\n<td>Burhaniye<\/td>\n<td>5 Daire<\/td>\n<\/tr>\n<tr>\n<td>64<\/td>\n<td width=\"286\">\u00d6zdemir Yap\u0131 Malz.\u0130n\u015faat<\/td>\n<td>Ersan \u00d6zdemir<\/td>\n<td>Edremit<\/td>\n<td>13 Daire<\/td>\n<\/tr>\n<tr>\n<td>65<\/td>\n<td width=\"286\">Simgehan \u0130n\u015faat<\/td>\n<td>Remzi Solak<\/td>\n<td>Burhaniye<\/td>\n<td>10 Daire<\/td>\n<\/tr>\n<tr>\n<td>66<\/td>\n<td width=\"286\">Paksoy \u0130n\u015faat Mimarl\u0131k<\/td>\n<td>U\u011fur Paksoy<\/td>\n<td>G\u00f6me\u00e7<\/td>\n<td>60 Daire<\/td>\n<\/tr>\n<tr>\n<td>67<\/td>\n<td width=\"286\">Zaferpen<\/td>\n<td>Zafer Co\u015fut<\/td>\n<td>Edremit<\/td>\n<td>70 Daire<\/td>\n<\/tr>\n<tr>\n<td>68<\/td>\n<td width=\"286\">G\u00fcne\u015f Pen<\/td>\n<td>Mehmet Tabak<\/td>\n<td>G\u00f6me\u00e7<\/td>\n<td>50 Daire<\/td>\n<\/tr>\n<tr>\n<td>69<\/td>\n<td width=\"286\">Burhaniye 8 Eyl\u00fcl \u0130lk.\u00d6\u011f.Okulu<\/td>\n<td>Kaymakaml\u0131k<\/td>\n<td>Burhaniye<\/td>\n<td><\/td>\n<\/tr>\n<tr>\n<td>70<\/td>\n<td width=\"286\">Mast Hayvanc\u0131l\u0131k<\/td>\n<td><\/td>\n<td>Ayval\u0131k<\/td>\n<td>8 Villa<\/td>\n<\/tr>\n<tr>\n<td>71<\/td>\n<td width=\"286\">Murat Elektrik<\/td>\n<td>Osman Akko\u00e7<\/td>\n<td>Burhaniye<\/td>\n<td><\/td>\n<\/tr>\n<tr>\n<td>72<\/td>\n<td width=\"286\">Seyfi Yetkiner<\/td>\n<td><\/td>\n<td>Edremit<\/td>\n<td>5 Daire<\/td>\n<\/tr>\n<tr>\n<td>73<\/td>\n<td width=\"286\">Adramis Otel<\/td>\n<td>H\u0131d\u0131r Bulgak<\/td>\n<td>Bostanc\u0131<\/td>\n<td><\/td>\n<\/tr>\n<tr>\n<td>74<\/td>\n<td width=\"286\">Yaz\u0131c\u0131 Metal<\/td>\n<td>Bahattin Yaz\u0131c\u0131<\/td>\n<td>Alt\u0131noluk<\/td>\n<td>30 Daire<\/td>\n<\/tr>\n<tr>\n<td>75<\/td>\n<td width=\"286\">Bugi Store<\/td>\n<td><\/td>\n<td>Burhaniye<\/td>\n<td><\/td>\n<\/tr>\n<tr>\n<td>76<\/td>\n<td width=\"286\">Hikmet \u0130zcan Z.Ya\u011f\u0131 Fab.<\/td>\n<td><\/td>\n<td>Kozak<\/td>\n<td>50 Par\u00e7a<\/td>\n<\/tr>\n<tr>\n<td>77<\/td>\n<td width=\"286\">Ss \u0130da Paris Evleri<\/td>\n<td>H\u0131d\u0131r Bulgak<\/td>\n<td>Ak\u00e7ay<\/td>\n<td>56 Villa<\/td>\n<\/tr>\n<tr>\n<td>78<\/td>\n<td width=\"286\">Aras \u0130n\u015faat<\/td>\n<td>Necmettin Aras<\/td>\n<td>Burhaniye<\/td>\n<td>20 Daire<\/td>\n<\/tr>\n<tr>\n<td>79<\/td>\n<td width=\"286\">\u015eahinpen<\/td>\n<td>Mesut \u015eahin<\/td>\n<td>Burhaniye<\/td>\n<td>15 Daire<\/td>\n<\/tr>\n<tr>\n<td>80<\/td>\n<td width=\"286\">Volkan G\u00fcle\u00e7<\/td>\n<td>\u00d6zel Sipari\u015f<\/td>\n<td>\u00d6ren<\/td>\n<td>1 Villa<\/td>\n<\/tr>\n<tr>\n<td>81<\/td>\n<td width=\"286\">Nuri Kahya<\/td>\n<td>Besi Ciftlik<\/td>\n<td>G\u00f6me\u00e7<\/td>\n<td><\/td>\n<\/tr>\n<tr>\n<td>82<\/td>\n<td width=\"286\">Mehmet Ba\u011fc\u0131<\/td>\n<td>Z.Ya\u011f\u0131 Fab.<\/td>\n<td>G\u00f6me\u00e7<\/td>\n<td><\/td>\n<\/tr>\n<tr>\n<td>83<\/td>\n<td width=\"286\">Erdo\u011fan K\u00f6yba\u015f\u0131<\/td>\n<td>Benzinlik<\/td>\n<td>Havran<\/td>\n<td><\/td>\n<\/tr>\n<tr>\n<td>84<\/td>\n<td width=\"286\">Murat Sal\u00e7a<\/td>\n<td>Sal\u00e7a Fab.<\/td>\n<td>Burhaniye<\/td>\n<td><\/td>\n<\/tr>\n<tr>\n<td>85<\/td>\n<td width=\"286\">Ertekinler \u0130n\u015faat<\/td>\n<td><\/td>\n<td>Ak\u00e7ay<\/td>\n<td>9 Daire<\/td>\n<\/tr>\n<tr>\n<td>86<\/td>\n<td width=\"286\">Mavi Emlak<\/td>\n<td><\/td>\n<td>\u00d6ren<\/td>\n<td>5 Villa<\/td>\n<\/tr>\n<tr>\n<td>87<\/td>\n<td width=\"286\">Yunus Emre \u00d6zt\u00fcrk<\/td>\n<td><\/td>\n<td>Ayval\u0131k<\/td>\n<td>20 Daire<\/td>\n<\/tr>\n<tr>\n<td>88<\/td>\n<td width=\"286\">Erdo\u011fan Oktay<\/td>\n<td>\u00d6zel Yal\u0131<\/td>\n<td>Burhaniye<\/td>\n<td>40 Par\u00e7a<\/td>\n<\/tr>\n<tr>\n<td>89<\/td>\n<td width=\"286\">Sonbahar Koop<\/td>\n<td>\u0130smet Varol<\/td>\n<td>Adyar<\/td>\n<td>50 Villa<\/td>\n<\/tr>\n<tr>\n<td>90<\/td>\n<td width=\"286\">Ceylan Emlak .Ceylan Sitesi<\/td>\n<td>Ercan Ceylan<\/td>\n<td>Burhaniye<\/td>\n<td>12 Daire<\/td>\n<\/tr>\n<tr>\n<td>91<\/td>\n<td width=\"286\">Demircan \u015eenel \u0130n\u015faat Ortakl\u0131\u011f\u0131<\/td>\n<td>Mehmet \u015eenel<\/td>\n<td>\u0130\u00e7meler<\/td>\n<td>12 Villa<\/td>\n<\/tr>\n<tr>\n<td>92<\/td>\n<td width=\"286\">Ta\u015fk\u0131n Bayrak<\/td>\n<td><\/td>\n<td>Burhaniye<\/td>\n<td>100 Par\u00e7a<\/td>\n<\/tr>\n<tr>\n<td>93<\/td>\n<td width=\"286\">Ahmet Gediko\u011flu<\/td>\n<td>\u00d6zel Sipari\u015f<\/td>\n<td>\u0130skele<\/td>\n<td>4 Villa<\/td>\n<\/tr>\n<tr>\n<td>94<\/td>\n<td width=\"286\">Ahmet \u0130zmirli<\/td>\n<td>\u00d6zel Sipari\u015f<\/td>\n<td>K\u00fc\u00e7\u00fckkuyu<\/td>\n<td>1 Villa<\/td>\n<\/tr>\n<tr>\n<td>95<\/td>\n<td width=\"286\">Feridun Uzun<\/td>\n<td>\u00d6zel Sipari\u015f<\/td>\n<td>Adyar<\/td>\n<td>6 Villa<\/td>\n<\/tr>\n<tr>\n<td>96<\/td>\n<td width=\"286\">Eruzunlar Petrol<\/td>\n<td>Al\u00fcminyum<\/td>\n<td>Burhaniye<\/td>\n<td><\/td>\n<\/tr>\n<tr>\n<td>97<\/td>\n<td width=\"286\">Ak\u0131n A.\u015e Remzi Ak\u0131n<\/td>\n<td>Edremit Anfi Tiy.<\/td>\n<td>Edremit<\/td>\n<td><\/td>\n<\/tr>\n<tr>\n<td>98<\/td>\n<td width=\"286\">Arslanlar Emlak<\/td>\n<td>Taner Arslan<\/td>\n<td>\u0130skele<\/td>\n<td>4 Villa<\/td>\n<\/tr>\n<\/tbody>\n<\/table>\n","protected":false},"excerpt":{"rendered":"<p>Referinte constructii firma Ayseler in Turcia S\/N cartiere strada oras constructie 1 S.S.Murat\u00e7e\u015fme K.Y.Koop. Aliosman Atak Pelitk\u00f6y Sahil 50 vile 2 S.S.P\u0131narkent K.Y.Koop. Ta\u015fk\u0131n Bayrak Burhaniye<span class=\"excerpt-hellip\"> [\u2026]<\/span><\/p>\n","protected":false},"author":1,"featured_media":0,"parent":0,"menu_order":0,"comment_status":"closed","ping_status":"closed","template":"","meta":{"footnotes":""},"_links":{"self":[{"href":"https:\/\/www.northaegean.ro\/tr\/wp-json\/wp\/v2\/pages\/141"}],"collection":[{"href":"https:\/\/www.northaegean.ro\/tr\/wp-json\/wp\/v2\/pages"}],"about":[{"href":"https:\/\/www.northaegean.ro\/tr\/wp-json\/wp\/v2\/types\/page"}],"author":[{"embeddable":true,"href":"https:\/\/www.northaegean.ro\/tr\/wp-json\/wp\/v2\/users\/1"}],"replies":[{"embeddable":true,"href":"https:\/\/www.northaegean.ro\/tr\/wp-json\/wp\/v2\/comments?post=141"}],"version-history":[{"count":0,"href":"https:\/\/www.northaegean.ro\/tr\/wp-json\/wp\/v2\/pages\/141\/revisions"}],"wp:attachment":[{"href":"https:\/\/www.northaegean.ro\/tr\/wp-json\/wp\/v2\/media?parent=141"}],"curies":[{"name":"wp","href":"https:\/\/api.w.org\/{rel}","templated":true}]}}